{"id":293,"date":"2020-11-09T09:14:30","date_gmt":"2020-11-09T09:14:30","guid":{"rendered":"http:\/\/trocellenautomotive.usernet.hu\/mentions-legales\/cookie-policy\/"},"modified":"2021-03-17T09:01:20","modified_gmt":"2021-03-17T09:01:20","slug":"politique-concernant-les-cookies","status":"publish","type":"page","link":"https:\/\/automotive.trocellen.com\/fr\/mentions-legales\/politique-concernant-les-cookies\/","title":{"rendered":"Politique concernant les cookies"},"content":{"rendered":"<p>Die Website\u00a0<a href=\"https:\/\/www.trocellen.com\/?utm_source=trocellen.com&amp;utm_medium=referral&amp;utm_campaign=ref\">www.trocellen.com<\/a>\u00a0(und die Subdomains der Gesch\u00e4ftsbereiche:\u00a0<a href=\"https:\/\/www.insulation.trocellen.com\/?utm_source=trocellen.com&amp;utm_medium=referral&amp;utm_campaign=ref\">www.insulation.trocellen.com<\/a>,\u00a0\u00a0<a href=\"https:\/\/www.automotive.trocellen.com\/?utm_source=trocellen.com&amp;utm_medium=referral&amp;utm_campaign=ref\">www.automotive.trocellen.com<\/a>,\u00a0<a href=\"https:\/\/www.adhesive-tapes.trocellen.com\/?utm_source=trocellen.com&amp;utm_medium=referral&amp;utm_campaign=ref\">www.adhesive-tapes.trocellen.com<\/a>,\u00a0<a href=\"https:\/\/www.sport-home-leisure.trocellen.com\/?utm_source=trocellen.com&amp;utm_medium=referral&amp;utm_campaign=ref\">www.sport-home-leisure.trocellen.com<\/a>,\u00a0<a href=\"https:\/\/www.progame.trocellen.com\/?utm_source=trocellen.com&amp;utm_medium=referral&amp;utm_campaign=ref\">www.progame.trocellen.com<\/a>,\u00a0<a href=\"https:\/\/www.footwear.trocellen.com\/?utm_source=trocellen.com&amp;utm_medium=referral&amp;utm_campaign=ref\">www.footwear.trocellen.com<\/a>,<br \/>\n<a href=\"https:\/\/www.packaging.trocellen.com\/?utm_source=trocellen.com&amp;utm_medium=referral&amp;utm_campaign=ref\">www.packaging.trocellen.com<\/a>,\u00a0<a href=\"https:\/\/www.business-solutions.trocellen.com\/?utm_source=trocellen.com&amp;utm_medium=referral&amp;utm_campaign=ref\">www.business-solutions.trocellen.com<\/a>,\u00a0<a href=\"https:\/\/www.industrialfoams.trocellen.com\/?utm_source=trocellen.com&amp;utm_medium=referral&amp;utm_campaign=ref\">www.industrialfoams.trocellen.com<\/a>\u00a0etc.),\u00a0<a href=\"http:\/\/www.trockpit.com\/\">www.trockpit.com<\/a>,\u00a0<a href=\"http:\/\/www.sapisfun.com\/?utm_source=trocellen.com&amp;utm_medium=referral&amp;utm_campaign=ref\">www.sapisfun.com<\/a>,<br \/>\n<a href=\"http:\/\/www.progame-shockpads.com\/\">www.progame-shockpads.com<\/a>,\u00a0<a href=\"http:\/\/www.progame-tatami.com\/\">www.progame-tatami.com<\/a>,\u00a0<a href=\"http:\/\/www.polifoam.hu\/\">www.polifoam.hu<\/a>,\u00a0<a href=\"http:\/\/www.polifoamshop.hu\/\">www.polifoamshop.hu<\/a>, (nachfolgend, \u201eWebsite\u201c genannt) verwendet Cookies. Nachfolgend finden Sie weitere Informationen \u00fcber Cookies, dar\u00fcber, wie sie auf der Website verwendet werden und welche Kontrollverfahren wir in Bezug auf die Cookies selbst anwenden. Wenn Sie weiter auf der Website bleiben, nachdem Sie unseren Hinweis zu Cookies gelesen haben, stimmen Sie der Verwendung von Cookies in \u00dcbereinstimmung mit dieser Erkl\u00e4rung zu. Wenn Sie mit der Verwendung von Cookies nicht einverstanden sind, deaktivieren Sie diese bitte, indem Sie die nachfolgenden Anweisungen befolgen.<\/p>\n<h2>1. QUE SONT LES COOKIES?<\/h2>\n<p>Les cookies sont des fichiers texte de petite taille qui, lors de la navigation sur un site web s\u2019enregistrent sur vos appareils \u00e9lectroniques (PC, tablette, etc.). Par la suite, lors de chaque navigation ult\u00e9rieure, les cookies retournent au site web d\u2019origine ou sont envoy\u00e9s \u00e0 d\u2019autres sites web capables de les reconna\u00eetre. Les cookies fonctionnent comme la m\u00e9moire du site web permettant \u00e0 ce dernier de reconna\u00eetre votre appareil \u00e0 chacune de vos visites ult\u00e9rieures sur ce site. En outre, les cookies permettent de stocker vos pr\u00e9f\u00e9rences de navigation, rendant ainsi votre surf sur le Site web plus pertinent et personnalis\u00e9. De plus amples informations sur les cookies (y compris le mode d\u2019installation des cookies sur votre appareil, la gestion et la suppression des cookies) sont disponibles \u00e0 partir du lien suivant:\u00a0<a href=\"http:\/\/www.aboutcookies.org\/\">www.aboutcookies.org<\/a><u>.<\/u><\/p>\n<h2>2. TYPES DES COOKIES<\/h2>\n<p>Les cookies peuvent \u00eatre \u00e0 caract\u00e8re technique, d\u2019analyse ou cr\u00e9ateur de profil.<\/p>\n<p>Le Site web utilise des \u00ab\u00a0cookies de session \u00bb techniques et des cookies permanents. La liste des cookies technique est disponible ici:\u00a0<a href=\"https:\/\/codex.wordpress.org\/WordPress_Cookies\">https:\/\/codex.wordpress.org\/WordPress_Cookies<\/a><\/p>\n<p>En outre, le Site web\u00a0<strong>utilise les cookies d\u2019analyse fournis par les tiers suivants<\/strong><\/p>\n<ul>\n<li>Google<\/li>\n<li>Facebook<\/li>\n<li>Twitter<\/li>\n<li>Linkedin<\/li>\n<li>Youtube<\/li>\n<\/ul>\n<p>Le Site web utilise des outils r\u00e9duisant la capacit\u00e9 d\u2019identification des cookies, par exemple le \u00ab\u00a0gat._anonymizelp ();\u00a0\u00bb afin d\u2019assurer l\u2019anonymisation des adresses IP (soit le \u00abcamouflageIP\u00a0\u00bb).<\/p>\n<p>Le Site web n\u2019utilise pas de cookies cr\u00e9ateurs de profil.<\/p>\n<h2>3. OBJECTIFS<\/h2>\n<p>Les cookies techniques utilis\u00e9s par notre site web nous servent \u00e0 vous assurer la possibilit\u00e9 de navigation sur le site et \u00e0 rendre accessibles les services de notre Site web.<\/p>\n<p>Les cookies d\u2019analyse nous permettent d\u2019analyser et de suivre vos habitudes d\u2019utilisation du Site web (par ex.: nombre des acc\u00e8s et nombre des pages visit\u00e9es) d\u2019une part \u00e0 des fins statistiques, d\u2019autre part dans le but d\u2019am\u00e9liorer les conditions de fonctionnement et de navigation du Site web.<\/p>\n<h2>4. COMMENT PEUT-ON G\u00c9RER ET SUPPRIMER LES COOKIES?<\/h2>\n<p>Si apr\u00e8s avoir lu la banni\u00e8re vous poursuivez la navigation sur le Site web, vous consentez \u00e0 l\u2019utilisation des cookies. Pour interdire l\u2019utilisation des cookies ou les d\u00e9sactiver par d\u2019autres moyens, il vous suffit de modifier les param\u00e9trages de votre navigateur et de suivre les instructions mentionn\u00e9es dans le r\u00e8glement de gestion de cookies.<\/p>\n<p>Si vous souhaitez que votre navigateur refuse les cookies, veuillez suivre les instructions fournies par le prestataire du navigateur. Un guide d\u00e9taill\u00e9 est disponible \u00e0 l\u2019adresse suivante: www.aboutcookies.org.<\/p>\n<p>La communication de ses donn\u00e9es est optionnelle. En revanche, il faut savoir qu\u2019en cas de d\u00e9sactivation des cookies, certaines fonctionnalit\u00e9s du Site web ne vous sont plus accessibles.<\/p>\n<p>Pour les informations sur les modalit\u00e9s de traitement de donn\u00e9es, l\u2019acc\u00e8s aux donn\u00e9es, la communication des donn\u00e9es, les droits des personnes concern\u00e9es, les modalit\u00e9s d\u2019exercice de ses droits, le Responsable de traitement de donn\u00e9es, le Sous-traitant des donn\u00e9es et les personnes responsables,\u00a0<u>veuillez consulter notre D\u00e9claration sur la protection des donn\u00e9es.<\/u><\/p>\n<p>Contact: Pour avoir des informations relatives \u00e0 la pr\u00e9sente d\u00e9claration veuillez nous contacter \u00e0 l\u2019adresse e-mail ci-dessous:\u00a0<a href=\"mailto:marketing@trocellen.com\">marketing@trocellen.com<\/a><u>.<\/u>\u00a0Vous pouvez nous envoyer une lettre recommand\u00e9e avec avis de r\u00e9ception \u00e0 l\u2019adresse Trocellen GmbH, Viktoria Csonka, M\u00fclheimer Stra\u00dfe 26. Troisdorf, 53840, Allemagne ou nous appeler par t\u00e9l\u00e9phone au num\u00e9ro +36 70 436 5722.<\/p>\n","protected":false},"excerpt":{"rendered":"Lorem ipsum dolor sit amet, consectetur adipiscing elit, sed do eiusmod tempor incididunt ut labore et dolore magna aliqua. Ut enim ad minim veniam, quis nostrud exercitation ullamco laboris nisi ut aliquip ex ea commodo consequat. Duis aute irure dolor in reprehenderit in voluptate velit esse cillum dolore eu fugiat nulla pariatur.","protected":false},"author":1,"featured_media":0,"parent":262,"menu_order":0,"comment_status":"closed","ping_status":"closed","template":"template-parts\/page-text.php","meta":{"_acf_changed":false,"footnotes":""},"class_list":["post-293","page","type-page","status-publish","hentry"],"acf":[],"_links":{"self":[{"href":"https:\/\/automotive.trocellen.com\/fr\/wp-json\/wp\/v2\/pages\/293","targetHints":{"allow":["GET"]}}],"collection":[{"href":"https:\/\/automotive.trocellen.com\/fr\/wp-json\/wp\/v2\/pages"}],"about":[{"href":"https:\/\/automotive.trocellen.com\/fr\/wp-json\/wp\/v2\/types\/page"}],"author":[{"embeddable":true,"href":"https:\/\/automotive.trocellen.com\/fr\/wp-json\/wp\/v2\/users\/1"}],"replies":[{"embeddable":true,"href":"https:\/\/automotive.trocellen.com\/fr\/wp-json\/wp\/v2\/comments?post=293"}],"version-history":[{"count":8,"href":"https:\/\/automotive.trocellen.com\/fr\/wp-json\/wp\/v2\/pages\/293\/revisions"}],"predecessor-version":[{"id":468,"href":"https:\/\/automotive.trocellen.com\/fr\/wp-json\/wp\/v2\/pages\/293\/revisions\/468"}],"up":[{"embeddable":true,"href":"https:\/\/automotive.trocellen.com\/fr\/wp-json\/wp\/v2\/pages\/262"}],"wp:attachment":[{"href":"https:\/\/automotive.trocellen.com\/fr\/wp-json\/wp\/v2\/media?parent=293"}],"curies":[{"name":"wp","href":"https:\/\/api.w.org\/{rel}","templated":true}]}}