{"id":279,"date":"2020-11-09T09:18:00","date_gmt":"2020-11-09T09:18:00","guid":{"rendered":"http:\/\/trocellenautomotive.usernet.hu\/mentions-legales\/privacy-statement\/"},"modified":"2021-08-27T09:49:31","modified_gmt":"2021-08-27T09:49:31","slug":"declaration-de-confidentialite","status":"publish","type":"page","link":"https:\/\/automotive.trocellen.com\/fr\/mentions-legales\/declaration-de-confidentialite\/","title":{"rendered":"D\u00e9claration de confidentialit\u00e9"},"content":{"rendered":"<h2><strong>D\u00e9claration sur la protection des donn\u00e9es pour l\u2019utilisation du Site web<\/strong><\/h2>\n<p>La soci\u00e9t\u00e9\u00a0<strong>Trocellen G.m.b.H.\u00a0<\/strong>(si\u00e8ge social\u00a0: 53840 Troisdorf, M\u00fclheimer strasse 26, Allemagne), comme responsable de traitement de donn\u00e9es (ci-apr\u00e8s: \u00ab\u00a0<strong>Responsable de traitement de donn\u00e9es\u00a0\u00bb<\/strong>) vous informe qu\u2019en vertu du d\u00e9cret (UE) n\u00b0\u00a0679\/2016 (<strong>\u00ab\u00a0RGPD\u00a0\u00bb<\/strong>) et des d\u00e9crets nationaux ayant force sur la protection des donn\u00e9es\u00a0personnelles seront trait\u00e9es par les moyens et aux fins suivants\u00a0:<\/p>\n<h2><strong>1. Objet du traitement de donn\u00e9es<\/strong><\/h2>\n<p>Sur la base du contrat conclu entre vous et le Responsable de traitement de donn\u00e9es, ce dernier en tant que partie offrant des produits et des services, traite des donn\u00e9es recueillies \u2013 non sensibles \u2013 (ci-apr\u00e8s\u00a0<strong>\u00ab\u00a0Donn\u00e9es\u00a0\u00bb\u00a0<\/strong>ou\u00a0<strong>\u00ab\u00a0Donn\u00e9es personnelles\u00a0\u00bb<\/strong>) (en particulier nom, nom de famille, nom d\u2019entreprise, adresse e-mail, num\u00e9ro de t\u00e9l\u00e9phone, adresse IP, etc.) que vous avez indiqu\u00e9es lors de la navigation sur le site web du Responsable de traitement de donn\u00e9es (<\/p>\n<ul>\n<li><a href=\"https:\/\/www.trocellen.com\/?utm_source=trocellen.com&amp;utm_medium=referral&amp;utm_campaign=ref\">www.trocellen.com<\/a>) ou sur les sites secondaires de ses entit\u00e9s organisationnelles\u00a0:\u00a0<a href=\"https:\/\/insulation.trocellen.com\/?utm_source=trocellen.com&amp;utm_medium=referral&amp;utm_campaign=ref\">insulation.trocellen.com<\/a>,\u00a0<a href=\"https:\/\/automotive.trocellen.com\/?utm_source=trocellen.com&amp;utm_medium=referral&amp;utm_campaign=ref\">automotive.trocellen.com<\/a>,\u00a0<a href=\"https:\/\/adhesive-tapes.trocellen.com\/?utm_source=trocellen.com&amp;utm_medium=referral&amp;utm_campaign=ref\">adhesive-tapes.trocellen.com<\/a>,\u00a0<a href=\"https:\/\/sport-home-leisure.trocellen.com\/?utm_source=trocellen.com&amp;utm_medium=referral&amp;utm_campaign=ref\">sport-home-leisure.trocellen.com<\/a>,\u00a0<a href=\"https:\/\/progame.trocellen.com\/?utm_source=trocellen.com&amp;utm_medium=referral&amp;utm_campaign=ref\">progame.trocellen.com<\/a>,\u00a0<a href=\"https:\/\/footwear.trocellen.com\/?utm_source=trocellen.com&amp;utm_medium=referral&amp;utm_campaign=ref\">footwear.trocellen.com<\/a>,\u00a0<a href=\"https:\/\/packaging.trocellen.com\/?utm_source=trocellen.com&amp;utm_medium=referral&amp;utm_campaign=ref\">packaging.trocellen.com<\/a>,\u00a0<a href=\"https:\/\/business-solutions.trocellen.com\/?utm_source=trocellen.com&amp;utm_medium=referral&amp;utm_campaign=ref\">business-solutions.trocellen.com<\/a>,\u00a0<a href=\"https:\/\/industrialfoams.trocellen.com\/?utm_source=trocellen.com&amp;utm_medium=referral&amp;utm_campaign=ref\">industrialfoams.trocellen.com<\/a>\u00a0; et sur ses autres sites secondaires\u00a0: isolatie.trocellen.com, tro-chips.trocellen.com, tr-eecell.trocellen.com\u00a0; et<\/li>\n<li><a href=\"http:\/\/www.trockpit.com\/\">www.trockpit.com<\/a>,\u00a0<a href=\"http:\/\/www.sapisfun.com\/?utm_source=trocellen.com&amp;utm_medium=referral&amp;utm_campaign=ref\">www.sapisfun.com<\/a>,\u00a0<a href=\"http:\/\/www.progame-shockpads.com\/\">www.progame-shockpads.com<\/a>,\u00a0<a href=\"http:\/\/www.progame-tatami.com\/\">www.progame-tatami.com<\/a>,\u00a0<a href=\"http:\/\/www.trocellentreats.com\/\">www.trocellentreats.com<\/a>,<\/li>\n<\/ul>\n<p>(ci-apr\u00e8s\u00a0<strong>\u00ab\u00a0Site web\u00a0\u00bb<\/strong>) et\/ou dans votre demande de prise de contact envoy\u00e9e au Responsable de traitement de donn\u00e9es.<\/p>\n<h2><strong>2. Finalit\u00e9 et modalit\u00e9s du traitement de donn\u00e9es<\/strong><\/h2>\n<p>Vos donn\u00e9es personnelles sont trait\u00e9es sans votre consentement pr\u00e9alable, sur une base juridique et pour des\u00a0<u>objectifs fond\u00e9s sur un contrat<\/u>\u00a0:<\/p>\n<ul>\n<li><strong>L\u2019ex\u00e9cution du contrat ou des obligations fond\u00e9s sur le contrat pr\u00e9alable,<\/strong>\u00a0ainsi plus particuli\u00e8rement\u00a0:\n<ul>\n<li>la conclusion, l\u2019ex\u00e9cution et la gestion du contrat, la prestation des services d\u00e9finis dans l\u2019offre commercial du Responsable du traitement et soutien technique, prestations de facturation, gestion des plaintes et des litiges, envoi de messages contenant la prestation, restitution de donn\u00e9es, pr\u00e9vention des activit\u00e9s frauduleuses et\/ou des abus pouvant nuire\u00a0;<\/li>\n<li>La gestion de vos demandes de prise de contact\u00a0;<\/li>\n<li>la gestion et l\u2019entretien des Sites web.<\/li>\n<\/ul>\n<\/li>\n<\/ul>\n<ul>\n<li><strong>Suivi des int\u00e9r\u00eats l\u00e9gitimes,<\/strong>\u00a0ainsi notamment\u00a0:\n<ul>\n<li>l\u2019analyse des cookies conform\u00e9ment au R\u00e8glement des cookies, sur la base des pages que vous avez visit\u00e9es\u00a0;<\/li>\n<li>de pr\u00e9venir ou de d\u00e9tecter des activit\u00e9s frauduleuses ou des abus pouvant nuire au Site web;<\/li>\n<li>d\u2019exercer les droits concomitants du Responsable de traitement de donn\u00e9es, comme le droit de se d\u00e9fendre devant un tribunal;<\/li>\n<li>si vous devenez notre Client, nous serons susceptibles de vous faire parvenir, \u00e0 l\u2019adresse e-mail indiqu\u00e9e par vos soins, des lettres commerciales portant sur les services et produits du Responsable de traitement de donn\u00e9es auxquels vous avez d\u00e9j\u00e0 recouru. Chaque e-mail vous permettra de vous d\u00e9sinscrire des lettres ult\u00e9rieures en cliquant sur le lien joint.<\/li>\n<\/ul>\n<\/li>\n<\/ul>\n<ul>\n<li><strong>L\u2019ex\u00e9cution des obligations juridiques du\u00a0<\/strong><strong>Responsable du traitement,<\/strong>\u00a0notamment\u00a0:\n<ul>\n<li>conformit\u00e9 avec les obligations d\u00e9finies dans les lois, d\u00e9crets ou l\u00e9gislations nationales et communautaires ainsi que par les autorit\u00e9s comp\u00e9tentes.<\/li>\n<\/ul>\n<\/li>\n<\/ul>\n<p>Vos donn\u00e9es personnelles sont trait\u00e9es exclusivement avec votre consentement pr\u00e9alable,\u00a0<u>\u00e0 des fins de<\/u>\u00a0marketing\u00a0: pour vous informer r\u00e9guli\u00e8rement par lettres, appels t\u00e9l\u00e9phoniques, e-mails, lettres d\u2019information des questionnaires ou initiatives provenant du Responsable de traitement de donn\u00e9es ainsi que via d\u2019offres commerciales et d\u2019enqu\u00eates.<\/p>\n<h2><strong>3. Modalit\u00e9s du traitement de donn\u00e9es<\/strong><\/h2>\n<p>Vos donn\u00e9es seront trait\u00e9es par voie \u00e9lectronique, via des op\u00e9rations de collecte de donn\u00e9es, enregistrement, organisation, conservation, consultation, \u00e9laboration, modification, s\u00e9lection, prospection de donn\u00e9es, comparaison, utilisation de donn\u00e9es, connexion, blocage, communication, suppression et destruction.<\/p>\n<h2><strong>4. Conservation des donn\u00e9es<\/strong><\/h2>\n<p>Le Responsable de traitement de donn\u00e9es traite les donn\u00e9es personnelles pendant la dur\u00e9e n\u00e9cessaire \u00e0 l\u2019accomplissement des finalit\u00e9s d\u00e9crites ci-dessus, n\u00e9cessaires pour la protection des int\u00e9r\u00eats l\u00e9gitimes et fond\u00e9s sur un contrat, mais au maximum\u00a0:<\/p>\n<ul>\n<li>pour une p\u00e9riode de 5\u00a0ans \u00e0 compter de la date de cessation de la relation contractuelle en cas d\u2019objectifs fond\u00e9s sur un contrat\u00a0;<\/li>\n<li>pour une p\u00e9riode de 2\u00a0ans suivant une collecte de donn\u00e9es r\u00e9alis\u00e9e pour des fins marketing\u00a0;<\/li>\n<li>pour la p\u00e9riode d\u00e9finie pour le traitement des cookies dans le r\u00e8glement des cookies.<\/li>\n<\/ul>\n<h2><strong>5.\u00a0Acc\u00e8s aux donn\u00e9es<\/strong><\/h2>\n<p>Aux fins d\u00e9crites ci-dessus, l\u2019acc\u00e8s \u00e0 vos Donn\u00e9es est autoris\u00e9 aux personnes suivantes:<\/p>\n<ul>\n<li>les employ\u00e9s et\/ou les partenaires des entreprises du Responsable de traitement de donn\u00e9es et\/ou du Groupe comme personnes charg\u00e9es du traitement de donn\u00e9es et\/ou comme Sous-traitant interne des donn\u00e9es et\/ou comme administrateur syst\u00e8me;<\/li>\n<li>les tiers menant des activit\u00e9s d\u2019externalisation au nom du Responsable de traitement de donn\u00e9es et traitant les Donn\u00e9es en qualit\u00e9 de Sous-traitant externe des donn\u00e9es ou d\u2019autres personnes (par ex.: prestataires IT, \u00e9tablissements de cr\u00e9dit, entreprises sp\u00e9cialis\u00e9es, etc.).<\/li>\n<\/ul>\n<h2><strong>6. Communication des donn\u00e9es<\/strong><\/h2>\n<p>Vos Donn\u00e9es peuvent \u00eatre communiqu\u00e9es sur r\u00e9quisition, m\u00eame sans votre consentement pr\u00e9liminaire, aux organes de contr\u00f4le, police ou organes judiciaires, qui, en leur qualit\u00e9 de Responsable ind\u00e9pendant de traitement de donn\u00e9es, traitent les donn\u00e9es conform\u00e9ment aux r\u00e8gles juridiques, \u00e0 toutes fins utiles dans le cadre institutionnel et\/ou lors des enqu\u00eates et inspections. En outre, nous sommes \u00e9galement susceptibles de communiquer vos Donn\u00e9es \u00e0 des tiers (par ex.: partenaires, entrepreneurs ind\u00e9pendants, charg\u00e9s de mission, etc.) qui vont les traiter comme Responsables ind\u00e9pendants de traitement de donn\u00e9es, dans le but de mener des activit\u00e9s indispensables aux finalit\u00e9s ci-dessus.<\/p>\n<h2><strong>7.\u00a0Transfert de donn\u00e9es<\/strong><\/h2>\n<p>Vos donn\u00e9es ne peuvent pas \u00eatre diffus\u00e9es n\u00e9anmoins, \u00e0 des fins d\u00e9crites ci-dessus, elles pourront \u00eatre transf\u00e9r\u00e9es m\u00eame dans des pays hors UE comme la Malaisie ou le Japon. Afin de garantir le niveau ad\u00e9quat de protection des donn\u00e9es, le transfert s\u2019effectue sur la base de la d\u00e9cision de conformit\u00e9 approuv\u00e9e par la Commission Europ\u00e9enne ou selon les conditions g\u00e9n\u00e9rales de vente du Responsable de traitement de donn\u00e9es, accept\u00e9es par la Commission Europ\u00e9enne.<\/p>\n<h2><strong>8. La communication des donn\u00e9es<\/strong><\/h2>\n<p>\u00c0 des fins contractuelles, la communication de ses donn\u00e9es est obligatoire: en effet, vos Donn\u00e9es sont n\u00e9cessaires pour avoir acc\u00e8s aux services du Responsable de traitement de donn\u00e9es et, si vous refusez de les communiquer, les services du Responsable de traitement de donn\u00e9es ne vous seront pas accessibles.<\/p>\n<p>Les finalit\u00e9s marketing permettent une communication volontaire de ses donn\u00e9es. Pr\u00e9f\u00e9rer ne pas les communiquer n\u2019entrave en rien le recours aux services du Responsable de traitement de donn\u00e9es. En d\u00e9cidant de ne pas communiquer vos Donn\u00e9es et compte tenu des mentions pr\u00e9c\u00e9dentes, vous ne serez plus destinataire de nos messages envoy\u00e9s \u00e0 des fins commerciales.<\/p>\n<h2><strong>9. Droits des personnes concern\u00e9es<\/strong><\/h2>\n<p>Le Responsable de traitement de donn\u00e9es vous informe de vos droits. En tant que personne concern\u00e9e par le traitement de donn\u00e9es vous avez le droit\u00a0:<\/p>\n<ul>\n<li>d\u2019avoir une confirmation et une information intelligible sur l\u2019existence ou l\u2019absence de vos Donn\u00e9es personnelles, m\u00eame si vous n\u2019\u00e9tiez pas encore enregistr\u00e9, et d\u2019une mani\u00e8re facile \u00e0 comprendre\u00a0;<\/li>\n<li>de recevoir d\u2019informations et si n\u00e9cessaire, des copies sur le suivant\u00a0: a) la source et cat\u00e9gorie des Donn\u00e9es Personnelles\u00a0; b) la m\u00e9thode utilis\u00e9e en cas de traitement de donn\u00e9es par voie \u00e9lectronique\u00a0; c) la finalit\u00e9 et les modalit\u00e9s du traitement de donn\u00e9es\u00a0; d) les informations servant \u00e0 identifier le Responsable de traitement de donn\u00e9es ainsi que les Sous-traitants de ces donn\u00e9es\u00a0; e) les personnes ou cat\u00e9gories de personnes pouvant avoir acc\u00e8s aux Donn\u00e9es personnelles ou en prendre connaissance, en particulier dans le cas o\u00f9 le destinataire des donn\u00e9es est un pays hors-UE ou une organisation internationale\u00a0; f) l\u2019existence de processus automatis\u00e9s de prise de d\u00e9cision et si oui, m\u00e9thode inh\u00e9rente \u00e0 ces processus, leur importance et leurs cons\u00e9quences pour la personne concern\u00e9e\u00a0; g) en cas de transfert des Donn\u00e9es personnelles vers un pays hors UE ou une organisation internationale, l\u2019existence effective des mesures de pr\u00e9caution appropri\u00e9es\u00a0;<\/li>\n<li>de recevoir sans retard la mise \u00e0 jour, la rectification, ou si vous demandez, l\u2019int\u00e9gration des donn\u00e9es incompl\u00e8tes;<\/li>\n<li>de parvenir \u00e0 supprimer, anonymiser ou bloquer les Donn\u00e9es suivantes\u00a0: a) donn\u00e9es illicitement trait\u00e9es\u00a0; b) donn\u00e9es qui ne sont plus n\u00e9cessaires \u00e0 l\u2019accomplissement de la finalit\u00e9 de la collecte ou du traitement ult\u00e9rieur de donn\u00e9es\u00a0; c) si vous retirez votre consentement auquel le traitement de donn\u00e9es est bas\u00e9, il n\u2019y aura pas d\u2019autre fondement juridique d\u00e9montrable pour le traitement des donn\u00e9es\u00a0; d) si vous ne consentez pas au traitement de vos donn\u00e9es et s\u2019il n\u2019existe pas de fondement juridique qui prime sur votre refus\u00a0; f) donn\u00e9es relatives aux enfants. Le Responsable de traitement de donn\u00e9es peut refuser de supprimer les Donn\u00e9es si le traitement de donn\u00e9es est indispensable aux finalit\u00e9s suivantes\u00a0: a) exercer le droit \u00e0 la libert\u00e9 d\u2019expression et d\u2019opinion ainsi que le droit \u00e0 l\u2019information\u00a0; b) en harmonie avec des obligations juridiques, accomplir des t\u00e2ches n\u00e9cessaires \u00e0 l\u2019exercice des pouvoirs publics ou des pouvoirs d\u2019int\u00e9r\u00eat public\u00a0; c) pour des raisons d\u2019int\u00e9r\u00eat public\u00a0; d) pour des recherches \u00e0 des fins d\u2019int\u00e9r\u00eat public, scientifiques, historiques ainsi qu\u2019\u00e0 des fins statistiques\u00a0; \u00e0 la constitution de plaintes juridiques\u00a0;<\/li>\n<li>de restreindre le traitement de donn\u00e9es\u00a0: a) si l\u2019exactitude des Donn\u00e9es personnelles peut \u00eatre mise en doute\u00a0; b) si le traitement de donn\u00e9es est ill\u00e9gal et si la personne concern\u00e9e s\u2019oppose \u00e0 la suppression des Donn\u00e9es personnelles\u00a0; c) Vous avez fait une demande des Donn\u00e9es n\u00e9cessaires au d\u00e9p\u00f4t de plaintes\u00a0; d) en cas de leur contr\u00f4le en cours ayant pour objectif de v\u00e9rifier si les fondements juridiques auxquels le Responsable de traitement de donn\u00e9es a fait r\u00e9f\u00e9rence priment sur les fondements juridiques auxquels la personne concern\u00e9e a fait r\u00e9f\u00e9rence\u00a0;<\/li>\n<li>de recevoir vos Donn\u00e9es personnelles sous forme structur\u00e9e, largement r\u00e9pandue, lisible par machine et de les transmettre \u00e0 un autre responsable de traitement de donn\u00e9es sans que cette transmission soit entrav\u00e9e par le responsable de traitement de donn\u00e9es auquel vous avez indiqu\u00e9 les donn\u00e9es personnelles, si le traitement de donn\u00e9es se fait sous forme automatis\u00e9e;<\/li>\n<li>de refuser enti\u00e8rement ou partiellement\u00a0: a) pour des motifs l\u00e9gitimes, le traitement de vos Donn\u00e9es personnelles, quand bien m\u00eame le traitement de donn\u00e9es est indispensable \u00e0 la Collecte de donn\u00e9es\u00a0; b) le traitement de vos Donn\u00e9es personnelles \u00e0 des fins d\u2019envoi de documentation publicitaire, de vente directe, d\u2019\u00e9tudes de march\u00e9 ou de communication commerciale par appel automatique sans intervention d\u2019op\u00e9rateur, e-mail et\/ou via des m\u00e9thodes de marketing traditionnelles (t\u00e9l\u00e9phone et\/ou lettre papier).<\/li>\n<li>de d\u00e9poser une plainte de protection des donn\u00e9es aupr\u00e8s de l\u2019autorit\u00e9 de contr\u00f4le comp\u00e9tente.<\/li>\n<\/ul>\n<p>Si n\u00e9cessaire, dans les cas mentionn\u00e9s ci-dessus, le Responsable de traitement de donn\u00e9es est tenu d\u2019informer de votre exercice de droit tous les tiers auxquelles il a fait parvenir les Donn\u00e9es personnelles, except\u00e9 certains cas particuliers (par ex.: si cette information s\u2019av\u00e8re impossible ou implique des efforts disproportionn\u00e9s).<\/p>\n<h2><strong>10. Modalit\u00e9s d\u2019exercice des droits<\/strong><\/h2>\n<p>Vous pouvez exercer vos droits \u00e0 tout moment:<\/p>\n<ul>\n<li>si vous envoyez une lettre recommand\u00e9e \u00e0 l\u2019adresse du Responsable de traitement de donn\u00e9es;<\/li>\n<li>si vous envoyez un e-mail \u00e0 l\u2019adresse\u00a0<a href=\"mailto:germany@trocellen.com\">germany@trocellen.com<\/a><\/li>\n<li>si vous appelez le num\u00e9ro de t\u00e9l\u00e9phone suivant: +49 2241 25 49 450.<\/li>\n<\/ul>\n<h2><strong>11. Responsable de traitement de donn\u00e9es, Sous-traitant des donn\u00e9es et personnes charg\u00e9es du traitement de donn\u00e9es<\/strong><\/h2>\n<p>Le Responsable de traitement de donn\u00e9es, Trocellen G.m.b.H.<\/p>\n<p>D\u00e9l\u00e9gu\u00e9 nomm\u00e9 \u00e0 la protection des donn\u00e9es<\/p>\n<ul>\n<li>Detlef Gro\u00dfmann<\/li>\n<li>Adresse et num\u00e9ro de t\u00e9l\u00e9phone\u00a0: +49 2241 25 49 450.<\/li>\n<\/ul>\n<p>La liste mise \u00e0 jour des Sous-traitants des donn\u00e9es est disponible au bureau du Responsable de traitement de donn\u00e9es (53840 Troisdorf, M\u00fclheimer strasse 26, Allemagne).<\/p>\n<p>Fait \u00e0 Troisdorf, le 02\/05\/2019<\/p>\n","protected":false},"excerpt":{"rendered":"D\u00e9claration sur la protection des donn\u00e9es pour l\u2019utilisation du Site web La soci\u00e9t\u00e9\u00a0Trocellen G.m.b.H.\u00a0(si\u00e8ge social\u00a0: 53840 Troisdorf, M\u00fclheimer strasse 26, Allemagne), comme responsable de traitement de donn\u00e9es (ci-apr\u00e8s: \u00ab\u00a0Responsable de traitement de donn\u00e9es\u00a0\u00bb) vous informe qu\u2019en vertu du d\u00e9cret (UE) n\u00b0\u00a0679\/2016 (\u00ab\u00a0RGPD\u00a0\u00bb) et des d\u00e9crets nationaux ayant force sur la protection des donn\u00e9es\u00a0personnelles seront trait\u00e9es [&hellip;]","protected":false},"author":1,"featured_media":0,"parent":262,"menu_order":0,"comment_status":"closed","ping_status":"closed","template":"template-parts\/page-text.php","meta":{"_acf_changed":false,"footnotes":""},"class_list":["post-279","page","type-page","status-publish","hentry"],"acf":[],"_links":{"self":[{"href":"https:\/\/automotive.trocellen.com\/fr\/wp-json\/wp\/v2\/pages\/279","targetHints":{"allow":["GET"]}}],"collection":[{"href":"https:\/\/automotive.trocellen.com\/fr\/wp-json\/wp\/v2\/pages"}],"about":[{"href":"https:\/\/automotive.trocellen.com\/fr\/wp-json\/wp\/v2\/types\/page"}],"author":[{"embeddable":true,"href":"https:\/\/automotive.trocellen.com\/fr\/wp-json\/wp\/v2\/users\/1"}],"replies":[{"embeddable":true,"href":"https:\/\/automotive.trocellen.com\/fr\/wp-json\/wp\/v2\/comments?post=279"}],"version-history":[{"count":8,"href":"https:\/\/automotive.trocellen.com\/fr\/wp-json\/wp\/v2\/pages\/279\/revisions"}],"predecessor-version":[{"id":534,"href":"https:\/\/automotive.trocellen.com\/fr\/wp-json\/wp\/v2\/pages\/279\/revisions\/534"}],"up":[{"embeddable":true,"href":"https:\/\/automotive.trocellen.com\/fr\/wp-json\/wp\/v2\/pages\/262"}],"wp:attachment":[{"href":"https:\/\/automotive.trocellen.com\/fr\/wp-json\/wp\/v2\/media?parent=279"}],"curies":[{"name":"wp","href":"https:\/\/api.w.org\/{rel}","templated":true}]}}