{"id":250,"date":"2020-11-09T08:48:50","date_gmt":"2020-11-09T08:48:50","guid":{"rendered":"http:\/\/trocellenautomotive.usernet.hu\/anti-bribery-policy\/"},"modified":"2021-02-03T08:06:49","modified_gmt":"2021-02-03T08:06:49","slug":"politique-anti-corruption","status":"publish","type":"page","link":"https:\/\/automotive.trocellen.com\/fr\/mentions-legales\/politique-anti-corruption\/","title":{"rendered":"Politique anti-corruption"},"content":{"rendered":"<p>On insiste que c\u2019est une question de principe pour Trocellen de se conformer avec les lois anticorruption pertinentes et avec tous les r\u00e8glements relatifs localement applicables, ind\u00e9pendamment du lieu de fonctionnement de Trocellen.<\/p>\n<p>On refuse cat\u00e9goriquement de b\u00e9n\u00e9ficier de ou d\u2019accorder des avantages indus dans notre fonctionnement, et on veille \u00e0 maintenir le plus haut niveau d\u2019int\u00e9grit\u00e9 commerciale. Cela signifie, entre autres, qu\u2019on exige que tous les agents qui sont en contact avec nos organismes ainsi que tous nos partenaires commerciaux se conforment \u00e9galement avec les l\u00e9gislations anticorruption susmentionn\u00e9es.<\/p>\n<p><a href=\"https:\/\/trocellen.com\/wp-content\/uploads\/2013\/12\/AB-Germany-Erkl%C3%A4rung-FEG-Vermeidung-von-Korruption.pdf\">The Furukawa Electric Group Anti-Bribery Statement<\/a><\/p>\n","protected":false},"excerpt":{"rendered":"\u00c9tant membre de Furukawa Electric Group, Trocellen \u00e9tait toujours engag\u00e9 \u00e0 \u00eatre pleinement en conformit\u00e9 avec les exigences anticorruption dans sa gestion autant que dans son fonctionnement. \u00c0 l\u2019\u00e9chelle internationale, les lois anticorruption sont de plus en plus strictes et les gouvernements sont de plus en plus actifs dans leur mise en application.","protected":false},"author":1,"featured_media":0,"parent":262,"menu_order":0,"comment_status":"closed","ping_status":"closed","template":"template-parts\/page-text.php","meta":{"_acf_changed":false,"footnotes":""},"class_list":["post-250","page","type-page","status-publish","hentry"],"acf":[],"_links":{"self":[{"href":"https:\/\/automotive.trocellen.com\/fr\/wp-json\/wp\/v2\/pages\/250","targetHints":{"allow":["GET"]}}],"collection":[{"href":"https:\/\/automotive.trocellen.com\/fr\/wp-json\/wp\/v2\/pages"}],"about":[{"href":"https:\/\/automotive.trocellen.com\/fr\/wp-json\/wp\/v2\/types\/page"}],"author":[{"embeddable":true,"href":"https:\/\/automotive.trocellen.com\/fr\/wp-json\/wp\/v2\/users\/1"}],"replies":[{"embeddable":true,"href":"https:\/\/automotive.trocellen.com\/fr\/wp-json\/wp\/v2\/comments?post=250"}],"version-history":[{"count":3,"href":"https:\/\/automotive.trocellen.com\/fr\/wp-json\/wp\/v2\/pages\/250\/revisions"}],"predecessor-version":[{"id":265,"href":"https:\/\/automotive.trocellen.com\/fr\/wp-json\/wp\/v2\/pages\/250\/revisions\/265"}],"up":[{"embeddable":true,"href":"https:\/\/automotive.trocellen.com\/fr\/wp-json\/wp\/v2\/pages\/262"}],"wp:attachment":[{"href":"https:\/\/automotive.trocellen.com\/fr\/wp-json\/wp\/v2\/media?parent=250"}],"curies":[{"name":"wp","href":"https:\/\/api.w.org\/{rel}","templated":true}]}}