{"id":315,"date":"2020-11-09T09:10:23","date_gmt":"2020-11-09T09:10:23","guid":{"rendered":"http:\/\/trocellenautomotive.usernet.hu\/rechtliche-hinweise\/imprint\/"},"modified":"2022-01-11T09:19:02","modified_gmt":"2022-01-11T09:19:02","slug":"impressum","status":"publish","type":"page","link":"https:\/\/automotive.trocellen.com\/de\/rechtliche-hinweise\/impressum\/","title":{"rendered":"Impressum"},"content":{"rendered":"<h2>TROCELLEN GmbH<\/h2>\n<p>M\u00fclheimer Stra\u00dfe 26<br \/>\nD-53840 Troisdorf<br \/>\nPhone: +49 2241 2549 000<br \/>\nFax: +49 2241 2549 099<br \/>\nE-mail: marketing@trocellen.com<\/p>\n<h2>Gesch\u00e4ftsleitung<\/h2>\n<p>Oliver Cordt, Akira Kabumoto<\/p>\n<h2>Handelsregisternummer<\/h2>\n<p>HRB 6077, Amtsgericht Siegburg<br \/>\nTurnover Tax ID<br \/>\nDE 813083249<\/p>\n<h2>Konzept\u00a0| Design |\u00a0Umsetzung<\/h2>\n<p><a href=\"http:\/\/www.usernet.hu\/\"><img loading=\"lazy\" decoding=\"async\" title=\"Usernet\" src=\"https:\/\/trocellen.com\/wp-content\/uploads\/2013\/12\/usernet.png\" alt=\"usernet\" width=\"152\" height=\"53\" \/><\/a><br \/>\nUsernet Informatikai Kft<br \/>\n+(36) 70 318 7474<br \/>\ninfo@usernet.hu<br \/>\n1037 Budapest, Jeles u. 109.<\/p>\n<h2>Credits<\/h2>\n<p>putilov_denis \/ adobe.stock.com<br \/>\nsewcream \/ adobe.stock.com<br \/>\nMaridav \/ adobe.stock.com<\/p>\n","protected":false},"excerpt":{"rendered":"TROCELLEN GmbH M\u00fclheimer Stra\u00dfe 26 D-53840 Troisdorf Phone: +49 2241 2549 000 Fax: +49 2241 2549 099 E-mail: marketing@trocellen.com Gesch\u00e4ftsleitung Oliver Cordt, Akira Kabumoto Handelsregisternummer HRB 6077, Amtsgericht Siegburg Turnover Tax ID DE 813083249 Konzept\u00a0| Design |\u00a0Umsetzung Usernet Informatikai Kft +(36) 70 318 7474 info@usernet.hu 1037 Budapest, Jeles u. 109. Credits putilov_denis \/ adobe.stock.com sewcream [&hellip;]","protected":false},"author":1,"featured_media":0,"parent":269,"menu_order":0,"comment_status":"closed","ping_status":"closed","template":"template-parts\/page-text.php","meta":{"_acf_changed":false,"footnotes":""},"class_list":["post-315","page","type-page","status-publish","hentry"],"acf":[],"_links":{"self":[{"href":"https:\/\/automotive.trocellen.com\/de\/wp-json\/wp\/v2\/pages\/315","targetHints":{"allow":["GET"]}}],"collection":[{"href":"https:\/\/automotive.trocellen.com\/de\/wp-json\/wp\/v2\/pages"}],"about":[{"href":"https:\/\/automotive.trocellen.com\/de\/wp-json\/wp\/v2\/types\/page"}],"author":[{"embeddable":true,"href":"https:\/\/automotive.trocellen.com\/de\/wp-json\/wp\/v2\/users\/1"}],"replies":[{"embeddable":true,"href":"https:\/\/automotive.trocellen.com\/de\/wp-json\/wp\/v2\/comments?post=315"}],"version-history":[{"count":13,"href":"https:\/\/automotive.trocellen.com\/de\/wp-json\/wp\/v2\/pages\/315\/revisions"}],"predecessor-version":[{"id":589,"href":"https:\/\/automotive.trocellen.com\/de\/wp-json\/wp\/v2\/pages\/315\/revisions\/589"}],"up":[{"embeddable":true,"href":"https:\/\/automotive.trocellen.com\/de\/wp-json\/wp\/v2\/pages\/269"}],"wp:attachment":[{"href":"https:\/\/automotive.trocellen.com\/de\/wp-json\/wp\/v2\/media?parent=315"}],"curies":[{"name":"wp","href":"https:\/\/api.w.org\/{rel}","templated":true}]}}