{"id":308,"date":"2020-11-09T09:11:11","date_gmt":"2020-11-09T09:11:11","guid":{"rendered":"http:\/\/trocellenautomotive.usernet.hu\/rechtliche-hinweise\/terms-of-use\/"},"modified":"2021-02-03T08:41:33","modified_gmt":"2021-02-03T08:41:33","slug":"nutzungsbedingungen","status":"publish","type":"page","link":"https:\/\/automotive.trocellen.com\/de\/rechtliche-hinweise\/nutzungsbedingungen\/","title":{"rendered":"Nutzungsbedingungen"},"content":{"rendered":"<h2>Annahme der vorliegenden Bedingungen<\/h2>\n<p>Bitte nehmen Sie sich kurz Zeit, um diese Bedingungen durchzulesen. Durch den Zugriff auf und die Verwendung von dieser Website verpflichten Sie sich zur Einhaltung der vorliegenden Bedingungen. Sollten Sie nicht mit der Einhaltung der vorliegenden Bedingungen einverstanden sein, so sind Sie nicht zum Zugriff, zur Nutzung oder zum Download von Inhalten dieser Website berechtigt. Die Datenschutzerkl\u00e4rung, die \u00fcber den Link neben diesen Nutzungsbedingungen abgerufen werden kann, ist Bestandteil dieser Bedingungen.<\/p>\n<h2>Urheberrechtsvermerk und beschr\u00e4nktes Nutzungsrecht<\/h2>\n<p>S\u00e4mtliche visuellen und auditiven Inhalte dieser Website, wie beispielsweise der gesamte Text, Fotos, Illustrationen, Grafiken, Videos, Audio-Videos und Rechner sind urheberrechtlich gesch\u00fctzt.<br \/>\nIhnen wird ein nicht exklusives Nutzungsrecht gew\u00e4hrt, das jedoch den folgenden Beschr\u00e4nkungen unterliegt:<br \/>\nAusgew\u00e4hlte Teile des Inhalts stehen zum Download, Ausdruck und zum Speichern zur Verf\u00fcgung, sofern Sie:<\/p>\n<ul>\n<li>die Inhalte ausschlie\u00dflich im Rahmen des pers\u00f6nlichen oder gesch\u00e4ftlichen Kontakts zu Trocellen nutzen;<\/li>\n<li>keine Inhalte dieser Website auf Drittwebsites bzw. in anderen Medien ver\u00f6ffentlichen;<\/li>\n<li>Sie keine \u00c4nderungen oder Umgestaltungen an den Inhalten dieser Website vornehmen.<\/li>\n<\/ul>\n<p>Beim Download von Inhalten dieser Website gehen keinerlei Rechte, Anspr\u00fcche oder Anteile auf Sie \u00fcber.<\/p>\n<h2>Warenzeichenhinweis<\/h2>\n<p>S\u00e4mtliche Handelsmarken, Dienstleistungsmarken und Logos auf dieser Website sind eingetragene und nicht eingetragene Marken von Trocellen oder einer der Tochtergesellschaften des Unternehmens.<br \/>\nSofern nicht ausdr\u00fccklich in diesen Bedingungen angegeben, ist die Vervielf\u00e4ltigung, Anzeige oder die anderweitige Nutzung jeglicher Handelsmarken ohne vorherige, schriftliche Zustimmung von Trocellen untersagt.<\/p>\n<h2>Unaufgeforderte\/Freiwillige \u00dcbermittlung von Vorschl\u00e4gen<\/h2>\n<p>Trocellen freut sich auf Ihre R\u00fcckmeldungen und Anregungen zu dieser Website. S\u00e4mtliche Informationen und Materialien, die \u00fcber diese Website an Trocellen \u00fcbermittelt wurden, wie beispielsweise Kommentare, R\u00fcckmeldungen, Anregungen, Fragen, Designs oder Daten werden als NICHT VERTRAULICH und NICHT URHEBERRECHTLICH GESCH\u00dcTZT erachtet. Wir bitten daher, von Zusendungen von Informationen oder Material abzusehen, die Sie uns nicht \u00fcberlassen m\u00f6chten, einschlie\u00dflich vertraulicher Informationen und eigenen kreativen Materialien.<\/p>\n<h2>Links zu anderen Websites<\/h2>\n<p>Diese Seite enth\u00e4lt unter Umst\u00e4nden Hyperlinks zu Websites, die nicht von Trocellen betrieben werden. Diese Hyperlinks werden ausschlie\u00dflich als Hilfe und Erleichterung f\u00fcr Sie bereitgestellt. Trocellen kontrolliert diese Websites nicht und ist nicht f\u00fcr deren Inhalte verantwortlich. Der Zugriff und die Nutzung dieser Websites erfolgt auf eigene Verantwortung.<\/p>\n<h2>Informationen zu Produkten und Technologien<\/h2>\n<p>Bei den auf dieser Website bereitgestellten Informationen handelt es sich ausschlie\u00dflich um allgemeine Informationen. F\u00fcr besondere Angebote und Beratung wenden Sie sich bitte direkt an Trocellen.<\/p>\n<h2>\u00c4nderungen der Website<\/h2>\n<p>Trocellen beh\u00e4lt sich das Recht vor, die Inhalte und Funktionen der Website jederzeit zu \u00e4ndern. Das Unternehmen ist jederzeit und ohne vorherige Ank\u00fcndigung berechtigt, den Zugriff der Website einzuschr\u00e4nken oder sie offline zu stellen und \u00fcbernimmt keinerlei Verantwortung f\u00fcr damit verbundene Auswirkungen.<\/p>\n<h2>Haftungsbegrenzung<\/h2>\n<p>Die Nutzung dieser Website erfolgt auf eigenes Risiko. Trocellen, die Tochtergesellschaften, die Gesch\u00e4ftsf\u00fchrung und die Mitarbeiter haften unter keinen Umst\u00e4nden f\u00fcr direkte oder indirekte Verluste infolge des Zugriffs auf die Website oder deren Nutzung bzw. Unf\u00e4higkeit zur Nutzung oder infolge des Vertrauens auf die Richtigkeit der Informationen, die auf dieser Website bereitgestellt wurden.<br \/>\nTrocellen \u00fcbernimmt keine Verantwortung f\u00fcr m\u00f6gliche Fehler auf dieser Seite.<\/p>\n","protected":false},"excerpt":{"rendered":"Herzlich Willkommen auf trocellen.com Diese Website bietet allgemeine Informationen \u00fcber die Gesch\u00e4ftst\u00e4tigkeiten, Produkte und Dienstleistungen von Trocellen [Trocellen GmbH, 53840 Troisdorf, M\u00fclheimer Stra\u00dfe 26 und deren\/ihrer Tochtergesellschaften]. Die Nutzung der Website unterliegt der Einhaltung dieser Bedingungen.","protected":false},"author":1,"featured_media":0,"parent":269,"menu_order":0,"comment_status":"closed","ping_status":"closed","template":"template-parts\/page-text.php","meta":{"_acf_changed":false,"footnotes":""},"class_list":["post-308","page","type-page","status-publish","hentry"],"acf":[],"_links":{"self":[{"href":"https:\/\/automotive.trocellen.com\/de\/wp-json\/wp\/v2\/pages\/308","targetHints":{"allow":["GET"]}}],"collection":[{"href":"https:\/\/automotive.trocellen.com\/de\/wp-json\/wp\/v2\/pages"}],"about":[{"href":"https:\/\/automotive.trocellen.com\/de\/wp-json\/wp\/v2\/types\/page"}],"author":[{"embeddable":true,"href":"https:\/\/automotive.trocellen.com\/de\/wp-json\/wp\/v2\/users\/1"}],"replies":[{"embeddable":true,"href":"https:\/\/automotive.trocellen.com\/de\/wp-json\/wp\/v2\/comments?post=308"}],"version-history":[{"count":3,"href":"https:\/\/automotive.trocellen.com\/de\/wp-json\/wp\/v2\/pages\/308\/revisions"}],"predecessor-version":[{"id":313,"href":"https:\/\/automotive.trocellen.com\/de\/wp-json\/wp\/v2\/pages\/308\/revisions\/313"}],"up":[{"embeddable":true,"href":"https:\/\/automotive.trocellen.com\/de\/wp-json\/wp\/v2\/pages\/269"}],"wp:attachment":[{"href":"https:\/\/automotive.trocellen.com\/de\/wp-json\/wp\/v2\/media?parent=308"}],"curies":[{"name":"wp","href":"https:\/\/api.w.org\/{rel}","templated":true}]}}