{"id":294,"date":"2020-11-09T09:14:30","date_gmt":"2020-11-09T09:14:30","guid":{"rendered":"http:\/\/trocellenautomotive.usernet.hu\/rechtliche-hinweise\/cookie-policy\/"},"modified":"2021-03-17T08:48:54","modified_gmt":"2021-03-17T08:48:54","slug":"cookie-richtlinie","status":"publish","type":"page","link":"https:\/\/automotive.trocellen.com\/de\/rechtliche-hinweise\/cookie-richtlinie\/","title":{"rendered":"Cookie-Richtlinie"},"content":{"rendered":"<p>Die Website\u00a0<a href=\"https:\/\/www.trocellen.com\/?utm_source=trocellen.com&amp;utm_medium=referral&amp;utm_campaign=ref\">www.trocellen.com<\/a>\u00a0(und die Subdomains der Gesch\u00e4ftsbereiche:\u00a0<a href=\"https:\/\/www.insulation.trocellen.com\/?utm_source=trocellen.com&amp;utm_medium=referral&amp;utm_campaign=ref\">www.insulation.trocellen.com<\/a>,\u00a0\u00a0<a href=\"https:\/\/www.automotive.trocellen.com\/?utm_source=trocellen.com&amp;utm_medium=referral&amp;utm_campaign=ref\">www.automotive.trocellen.com<\/a>,\u00a0<a href=\"https:\/\/www.adhesive-tapes.trocellen.com\/?utm_source=trocellen.com&amp;utm_medium=referral&amp;utm_campaign=ref\">www.adhesive-tapes.trocellen.com<\/a>,\u00a0<a href=\"https:\/\/www.sport-home-leisure.trocellen.com\/?utm_source=trocellen.com&amp;utm_medium=referral&amp;utm_campaign=ref\">www.sport-home-leisure.trocellen.com<\/a>,\u00a0<a href=\"http:\/\/www.progame.trocellen.com\/?utm_source=trocellen.com&amp;utm_medium=referral&amp;utm_campaign=ref\">www.progame.trocellen.com<\/a>,\u00a0<a href=\"https:\/\/www.footwear.trocellen.com\/?utm_source=trocellen.com&amp;utm_medium=referral&amp;utm_campaign=ref\">www.footwear.trocellen.com<\/a>,<br \/>\n<a href=\"https:\/\/www.packaging.trocellen.com\/?utm_source=trocellen.com&amp;utm_medium=referral&amp;utm_campaign=ref\">www.packaging.trocellen.com<\/a>,\u00a0<a href=\"https:\/\/www.business-solutions.trocellen.com\/?utm_source=trocellen.com&amp;utm_medium=referral&amp;utm_campaign=ref\">www.business-solutions.trocellen.com<\/a>,\u00a0<a href=\"https:\/\/www.industrialfoams.trocellen.com\/?utm_source=trocellen.com&amp;utm_medium=referral&amp;utm_campaign=ref\">www.industrialfoams.trocellen.com<\/a>\u00a0etc.),\u00a0<a href=\"http:\/\/www.trockpit.com\/\">www.trockpit.com<\/a>,\u00a0<a href=\"http:\/\/www.sapisfun.com\/?utm_source=trocellen.com&amp;utm_medium=referral&amp;utm_campaign=ref\">www.sapisfun.com<\/a>,<br \/>\n<a href=\"http:\/\/www.progame-shockpads.com\/\">www.progame-shockpads.com<\/a>,\u00a0<a href=\"http:\/\/www.progame-tatami.com\/\">www.progame-tatami.com<\/a>,\u00a0<a href=\"http:\/\/www.polifoam.hu\/\">www.polifoam.hu<\/a>,\u00a0<a href=\"http:\/\/www.polifoamshop.hu\/\">www.polifoamshop.hu<\/a>, (nachfolgend, \u201eWebsite\u201c genannt) verwendet Cookies. Nachfolgend finden Sie weitere Informationen \u00fcber Cookies, dar\u00fcber, wie sie auf der Website verwendet werden und welche Kontrollverfahren wir in Bezug auf die Cookies selbst anwenden. Wenn Sie weiter auf der Website bleiben, nachdem Sie unseren Hinweis zu Cookies gelesen haben, stimmen Sie der Verwendung von Cookies in \u00dcbereinstimmung mit dieser Erkl\u00e4rung zu. Wenn Sie mit der Verwendung von Cookies nicht einverstanden sind, deaktivieren Sie diese bitte, indem Sie die nachfolgenden Anweisungen befolgen.<\/p>\n<h2>1. WAS SIND COOKIES?<\/h2>\n<p>Bei Cookies handelt es sich um kleine Textdateien, die beim Besuch einer Website an das Endger\u00e4t (PC, Tablet o.\u00a0\u00e4.) gesendet werden. Beim n\u00e4chsten Aufruf dieser Website wird das Cookie entweder an die Webseite zur\u00fcckgesandt, die sie erzeugt hat oder an eine andere Webseite gesandt, die in der Lage ist, dieses spezielle Cookie zu erkennen. Cookies dienen als Speicher f\u00fcr eine Website und erm\u00f6glichen es dieser, Ihr Endger\u00e4t bei jedem weiteren Besuch der Website wiederzuerkennen. Cookies erm\u00f6glichen es Ihnen auch, Ihre Browsereinstellungen zu speichern und erh\u00f6hen durch eine individuelle Anpassung des Inhalts die Nutzerfreundlichkeit der Website. Weitere Informationen \u00fcber Cookies, einschlie\u00dflich Informationen dar\u00fcber, welche Cookies auf Ihrem Ger\u00e4t gesetzt wurden und wie Sie diese verwalten und l\u00f6schen k\u00f6nnen, finden Sie unter folgendem Link\u00a0<a href=\"http:\/\/www.aboutcookies.org\/\">www.aboutcookies.org<\/a>.<\/p>\n<h2>2. ARTEN VON COOKIES<\/h2>\n<p>Es gibt technische, analytische und profilerstellende Cookies.<\/p>\n<p>Die Website verwendet technische \u201eSitzungs-\u201eCookies und dauerhafte propriet\u00e4re Cookies. Eine Liste der technischen Cookies kann unter\u00a0<a href=\"https:\/\/codex.wordpress.org\/WordPress_Cookies\">https:\/\/codex.wordpress.org\/WordPress_Cookies<\/a>\u00a0abgerufen werden.<\/p>\n<p>Dar\u00fcber hinaus verwendet die Website die folgenden\u00a0<strong>von Drittanbietern<\/strong>\u00a0<strong>gesetzten Cookies<\/strong><\/p>\n<ul>\n<li>Google<\/li>\n<li>Facebook<\/li>\n<li>Twitter<\/li>\n<li>Linkedin<\/li>\n<li>YouTube<\/li>\n<\/ul>\n<p>Die Website \u00fcbernimmt Tools, die die Identifizierung durch Cookies einschr\u00e4nken, darunter \u201egat._anonymizelp ();\u201c, um die Anonymisierung von IP-Adressen sicherzustellen (sogenannte \u201eIP-Maskierung\u201c).<\/p>\n<p>Diese Website verwendet keine profilerstellenden Cookies.<\/p>\n<h2>3. ZWECK<\/h2>\n<p>Die von unserer Website verwendeten technischen Cookies dienen dazu, Ihnen den Besuch unserer Website zu erm\u00f6glichen und zu erleichtern und die Dienste der Website zu nutzen.<\/p>\n<p>Analytische Cookies werden verwendet, um die Art und Weise, wie Sie die Website nutzen (z. B. Anzahl der Zugriffe und besuchten Seiten), zu statistischen Zwecken zu analysieren und zu \u00fcberwachen und um es uns zu erm\u00f6glichen, die Website in Bezug auf Bedienung und Navigation zu verbessern.<\/p>\n<h2>4. COOKIES VERWALTEN UND ENTFERNEN<\/h2>\n<p>Sie k\u00f6nnen die Verwendung von Cookies zulassen, indem Sie nach dem Lesen des Cookie-Hinweises auf der Website bleiben. Sie k\u00f6nnen der Verwendung von Cookies widersprechen oder diese anderweitig deaktivieren, indem Sie die Konfiguration Ihres Browsers manuell \u00e4ndern und den Anweisungen der Richtlinie zur Cookie-Verwaltung folgen.<\/p>\n<p>Um Cookies von Ihrem Browser ablehnen zu lassen, lesen Sie bitte die Anweisungen Ihres Browser-Anbieters. Eine ausf\u00fchrliche Anleitung finden Sie unter www.aboutcookies.org.<\/p>\n<p>Die Angabe von Daten ist freiwillig. Bitte beachten Sie jedoch, dass die Ablehnung\/Deaktivierung von Cookies dazu f\u00fchren kann, dass Sie bestimmte Funktionen der Website nicht nutzen k\u00f6nnen.<\/p>\n<p>F\u00fcr Informationen \u00fcber: Verarbeitungsmethoden, Zugriff auf Daten, Daten\u00fcbermittlung, Rechte des Betroffenen, Modalit\u00e4ten der Rechtsaus\u00fcbung, Datenverantwortliche, Datenverarbeiter und Verantwortliche,\u00a0<u>lesen Sie hier unsere Datenschutzerkl\u00e4rung<\/u>.<\/p>\n<p>Ansprechpartner: Weitere Informationen zu dieser Erkl\u00e4rung erhalten Sie per E-Mail unter\u00a0<a href=\"mailto:marketing@trocellen.com\">marketing@trocellen.com<\/a>. Sie k\u00f6nnen auch ein Einschreiben mit R\u00fcckschein senden an<br \/>\nTrocellen GmbH, Viktoria Csonka (Postanschrift: M\u00fclheimer Stra\u00dfe 26 53840 Troisdorf oder uns unter der folgenden Telefonnummer kontaktieren:\u00a0 +36 070 436 5722.<\/p>\n","protected":false},"excerpt":{"rendered":"Lorem ipsum dolor sit amet, consectetur adipiscing elit, sed do eiusmod tempor incididunt ut labore et dolore magna aliqua. Ut enim ad minim veniam, quis nostrud exercitation ullamco laboris nisi ut aliquip ex ea commodo consequat. Duis aute irure dolor in reprehenderit in voluptate velit esse cillum dolore eu fugiat nulla pariatur.","protected":false},"author":1,"featured_media":0,"parent":269,"menu_order":0,"comment_status":"closed","ping_status":"closed","template":"template-parts\/page-text.php","meta":{"_acf_changed":false,"footnotes":""},"class_list":["post-294","page","type-page","status-publish","hentry"],"acf":[],"_links":{"self":[{"href":"https:\/\/automotive.trocellen.com\/de\/wp-json\/wp\/v2\/pages\/294","targetHints":{"allow":["GET"]}}],"collection":[{"href":"https:\/\/automotive.trocellen.com\/de\/wp-json\/wp\/v2\/pages"}],"about":[{"href":"https:\/\/automotive.trocellen.com\/de\/wp-json\/wp\/v2\/types\/page"}],"author":[{"embeddable":true,"href":"https:\/\/automotive.trocellen.com\/de\/wp-json\/wp\/v2\/users\/1"}],"replies":[{"embeddable":true,"href":"https:\/\/automotive.trocellen.com\/de\/wp-json\/wp\/v2\/comments?post=294"}],"version-history":[{"count":5,"href":"https:\/\/automotive.trocellen.com\/de\/wp-json\/wp\/v2\/pages\/294\/revisions"}],"predecessor-version":[{"id":465,"href":"https:\/\/automotive.trocellen.com\/de\/wp-json\/wp\/v2\/pages\/294\/revisions\/465"}],"up":[{"embeddable":true,"href":"https:\/\/automotive.trocellen.com\/de\/wp-json\/wp\/v2\/pages\/269"}],"wp:attachment":[{"href":"https:\/\/automotive.trocellen.com\/de\/wp-json\/wp\/v2\/media?parent=294"}],"curies":[{"name":"wp","href":"https:\/\/api.w.org\/{rel}","templated":true}]}}