{"id":280,"date":"2020-11-09T09:18:00","date_gmt":"2020-11-09T09:18:00","guid":{"rendered":"http:\/\/trocellenautomotive.usernet.hu\/rechtliche-hinweise\/privacy-statement\/"},"modified":"2021-08-27T09:48:24","modified_gmt":"2021-08-27T09:48:24","slug":"datenschutzerklaerung","status":"publish","type":"page","link":"https:\/\/automotive.trocellen.com\/de\/rechtliche-hinweise\/datenschutzerklaerung\/","title":{"rendered":"Datenschutzerkl\u00e4rung"},"content":{"rendered":"<h2><strong>Datenschutzerkl\u00e4rung f\u00fcr die Nutzung der Website<\/strong><\/h2>\n<p><strong>Trocellen G.m.b.H.\u00a0<\/strong>mit Sitz in M\u00fclheimer Stra\u00dfe 26, 53840 Troisdorf, Deutschland., informiert Sie hiermit als Datenverantwortlicher (nachfolgend \u201e<strong>Datenverantwortlicher<\/strong>\u201d genannt) gem\u00e4\u00df der Verordnung (EU) Nr. 2016\/679 (\u201e<strong>DSGVO<\/strong>\u201c) und den geltenden nationalen Datenschutzvorschriften \u00fcber die Verarbeitung Ihrer personenbezogenen Daten gem\u00e4\u00df den folgenden Modalit\u00e4ten und zu den folgenden Zwecken:<\/p>\n<h2><strong>1. Gegenstand der Datenverarbeitung<\/strong><\/h2>\n<p>Der Datenverantwortliche verarbeitet personenbezogene Daten (nachfolgend \u201e<strong>Daten<\/strong>\u201c oder \u201e<strong>personenbezogene Daten<\/strong>\u201d genannt) (insbesondere Vorname, Nachname, E-Mail-Adresse, Telefonnummer, IP-Adresse usw.), die von Ihnen beim Besuch der Website des Datenverantwortlichen<\/p>\n<ul>\n<li><a href=\"https:\/\/www.trocellen.com\/?utm_source=trocellen.com&amp;utm_medium=referral&amp;utm_campaign=ref\">www.trocellen.com<\/a>\u00a0und deren Subdom\u00e4nen der Organisationseinheiten: \u00a0<strong><a href=\"https:\/\/www.insulation.trocellen.com\/?utm_source=trocellen.com&amp;utm_medium=referral&amp;utm_campaign=ref\">www.insulation.trocellen.com<\/a><\/strong>, \u00a0<strong><a href=\"https:\/\/www.automotive.trocellen.com\/?utm_source=trocellen.com&amp;utm_medium=referral&amp;utm_campaign=ref\">www.automotive.trocellen.com<\/a><\/strong>,<strong>\u00a0<a href=\"https:\/\/www.adhesive-tapes.trocellen.com\/?utm_source=trocellen.com&amp;utm_medium=referral&amp;utm_campaign=ref\">www.adhesive-tapes.trocellen.com<\/a><\/strong>,<strong>\u00a0<a href=\"https:\/\/www.sport-home-leisure.trocellen.com\/?utm_source=trocellen.com&amp;utm_medium=referral&amp;utm_campaign=ref\">www.sport-home-leisure.trocellen.com<\/a><\/strong>,<strong>\u00a0<a href=\"http:\/\/www.progame.trocellen.com\/?utm_source=trocellen.com&amp;utm_medium=referral&amp;utm_campaign=ref\">www.progame.trocellen.com<\/a><\/strong>,<strong>\u00a0<a href=\"https:\/\/www.footwear.trocellen.com\/?utm_source=trocellen.com&amp;utm_medium=referral&amp;utm_campaign=ref\">www.footwear.trocellen.com<\/a><\/strong>,<strong>\u00a0<a href=\"https:\/\/www.packaging.trocellen.com\/?utm_source=trocellen.com&amp;utm_medium=referral&amp;utm_campaign=ref\">www.packaging.trocellen.com<\/a><\/strong>,<strong>\u00a0<a href=\"https:\/\/www.business-solutions.trocellen.com\/?utm_source=trocellen.com&amp;utm_medium=referral&amp;utm_campaign=ref\">www.business-solutions.trocellen.com<\/a><\/strong>,<strong>\u00a0<a href=\"https:\/\/www.industrialfoams.trocellen.com\/?utm_source=trocellen.com&amp;utm_medium=referral&amp;utm_campaign=ref\">www.industrialfoams.trocellen.com<\/a><\/strong>, und<\/li>\n<li><a href=\"http:\/\/www.trockpit.com\/\">www.trockpit.com<\/a>,\u00a0<a href=\"http:\/\/www.sapisfun.com\/?utm_source=trocellen.com&amp;utm_medium=referral&amp;utm_campaign=ref\">www.sapisfun.com<\/a>,\u00a0<a href=\"http:\/\/www.progame-shockpads.com\/\">www.progame-shockpads.com<\/a>,\u00a0<a href=\"http:\/\/www.progame-tatami.com\/\">www.progame-tatami.com<\/a>)<\/li>\n<\/ul>\n<p>(nachfolgend \u201e<strong>Websiten<\/strong>\u201d genannt) bzw. im Rahmen einer an den Datenverantwortlichen gerichteten Kontaktanfrage \u00fcbermittelt werden.<\/p>\n<h2><strong>\u00a02.\u00a0<\/strong><strong>Zweck und Rechtsgrundlage der Verarbeitung<\/strong><\/h2>\n<p>Ihre pers\u00f6nlichen Daten werden ohne Ihre vorherige Einwilligung\u00a0<u>f\u00fcr die<\/u>\u00a0folgenden\u00a0<u>vertraglichen Zwecke<\/u>\u00a0und auf der folgenden Rechtsgrundlage verarbeitet:<\/p>\n<ul>\n<li><strong>Die Erf\u00fcllung des Vertrages oder vorvertraglicher Verpflichtungen<\/strong>, insbesondere:\n<ul>\n<li>Abschluss, Erf\u00fcllung und Verwaltung des Vertrages, Erbringung der Dienstleistungen, die sich aus dem kommerziellen Angebot des Datenverantwortlichen ergeben und technische Unterst\u00fctzung, Verwaltung der Abrechnungsdienstleistungen, der Beschwerden und Streitigkeiten, Versand von Dienstnachrichten, Datenwiederherstellung, Verhinderung betr\u00fcgerischer Handlungen und\/oder sch\u00e4dlichen Misshandlungen;<\/li>\n<li>Bearbeitung Ihrer Kontaktanfrage;<\/li>\n<li>Verwaltung und Wartung der Website.<\/li>\n<\/ul>\n<\/li>\n<li><strong>Die Verfolgung eines berechtigten Interesses des Datenverantwortlichen<\/strong>, insbesondere:\n<ul>\n<li>Analysieren von Cookies im Sinne der Cookie-Richtlinie, aufgrund der von Ihnen besuchten Seiten;<\/li>\n<li>Verhinderung und Aufdeckung betr\u00fcgerischer Handlungen oder des Missbrauchs der Website;<\/li>\n<li>Aus\u00fcbung des Rechts des Datenverantwortlichen, wie z. B. des Rechts auf Verteidigung in einem Gerichtsprozess;<\/li>\n<li>Wenn Sie bereits Kunde sind, k\u00f6nnen wir Ihnen auch kommerzielle Mitteilungen an die von Ihnen angegebene E-Mail-Adresse senden, welche bereits von Ihnen verwendete Produkte und Dienstleistungen des Datenverantwortlichen zum Gegenstand haben. Sie haben bei jeder empfangenen E-Mail die M\u00f6glichkeit, dem Erhalt weiterer Mitteilungen zu widersprechen, indem Sie auf den jeweiligen Link klicken.<\/li>\n<\/ul>\n<\/li>\n<li><strong>Die Erf\u00fcllung gesetzlicher Verpflichtungen des Datenverantwortlichen<\/strong>, wie z.B.:\n<ul>\n<li>Erf\u00fcllung der Verpflichtungen, die sich aus Gesetzen, Verordnungen oder nationalen und EU-Rechtsvorschriften ergeben oder von den zust\u00e4ndigen Beh\u00f6rden festgelegt werden.<\/li>\n<\/ul>\n<\/li>\n<\/ul>\n<p>Ihre personenbezogenen Daten werden nur mit Ihrer vorherigen Einwilligung f\u00fcr\u00a0<u>Marketingzwecke<\/u>\u00a0verarbeitet: Sie werden vom Datenverantwortlichen durch regelm\u00e4\u00dfige Briefe, Telefonate, E-Mails, Newsletter \u00fcber Fragebogen, Initiativen und kommerziellen Angebote und Umfragen informiert.<\/p>\n<h2><strong>3. Modalit\u00e4ten der Datenverarbeitung<\/strong><\/h2>\n<p>Ihre Daten werden elektronisch in Form von Datenerhebung, Registrierung, Organisation, Speicherung, Beratung, Ausarbeitung, \u00c4nderung, Auswahl, Abruf, Gegen\u00fcberstellung, Nutzung, Kombination, Sperrung, Kommunikation, L\u00f6schung und Vernichtung verarbeitet.<\/p>\n<h2><strong>4. Speicherung der Daten<\/strong><\/h2>\n<p>Der Datenverantwortliche verarbeitet die personenbezogenen Daten f\u00fcr die erforderliche Dauer, die zur Erreichung der vorstehend genannten vertraglichen Zwecke und f\u00fcr sein berechtigtes Interesse erforderlich sind, bis h\u00f6chstens:<\/p>\n<ul>\n<li>5 Jahre nach Beendigung des Vertragsverh\u00e4ltnisses bei vertraglichen Zwecken;<\/li>\n<li>2 Jahre nach der Datenerhebung f\u00fcr Marketingzwecke;<\/li>\n<li>f\u00fcr den in der Cookie-Richtlinie beschriebenen Zeitraum f\u00fcr die Verarbeitung von Cookies.<\/li>\n<\/ul>\n<h2><strong>5. Zugriff auf Daten<\/strong><\/h2>\n<p>Ihre Daten k\u00f6nnen f\u00fcr die vorstehend genannten Zwecke den folgenden Personen zug\u00e4nglich gemacht werden:<\/p>\n<ul>\n<li>Mitarbeiter des Datenverantwortlichen und\/oder der Tochtergesellschaften, die aufgrund ihrer Rolle als Verantwortliche f\u00fcr die Verarbeitung und\/oder interne Datenverarbeiter und\/oder Systemadministratoren Zugriff auf die Daten ben\u00f6tigen;<\/li>\n<li>dritte Unternehmen oder andere Parteien (z.\u00a0B. IT-Dienstleister, Kreditinstitute, Spezialunternehmen usw.), die im Auftrag des Datenverantwortlichen Outsourcing-Aktivit\u00e4ten durchf\u00fchren und Daten als externe Datenverarbeiter verarbeiten.<\/li>\n<\/ul>\n<h2>\u00a06.\u00a0<strong>Daten\u00fcbermittlung<\/strong><\/h2>\n<p>Ihre Daten k\u00f6nnen auch ohne Ihre vorherige Zustimmung auf deren Anfrage an Kontroll-, Polizei- oder Justizbeh\u00f6rden \u00fcbermittelt werden, die diese in ihrer Eigenschaft als unabh\u00e4ngige Datenverantwortliche f\u00fcr institutionelle Zwecke und\/oder gem\u00e4\u00df den gesetzlichen Vorschriften im Rahmen von Ermittlungen und Kontrollen verarbeiten. Dar\u00fcber hinaus k\u00f6nnen Ihre Daten an Dritte (z.\u00a0B. Partner, unabh\u00e4ngige Auftragnehmer, Vertreter usw.) \u00fcbermittelt werden, die sie als unabh\u00e4ngige Datenverantwortliche verarbeiten, um f\u00fcr die vorstehend genannten Zwecke erforderliche Handlungen durchzuf\u00fchren.<\/p>\n<h2><strong>7. Weiterleitung von Daten<\/strong><\/h2>\n<p>Die Daten werden nicht ver\u00f6ffentlicht, k\u00f6nnen aber zu den vorstehend genannten Zwecken an andere L\u00e4nder au\u00dferhalb der EU weitergeleitet werden wie Malaysia und Japan. Um ein angemessenes Datenschutzniveau zu gew\u00e4hrleisten, erfolgt die Weiterleitung gem\u00e4\u00df den von der Europ\u00e4ischen Kommission genehmigten Angemessenheitsentscheidungen oder der Annahme der von der Europ\u00e4ischen Kommission ausgearbeiteten Standardvertragsklauseln durch den Datenverantwortlichen.<\/p>\n<h2><strong>8. Art der Datenbereitstellung<\/strong><\/h2>\n<p>Die Bereitstellung von Daten f\u00fcr vertragliche Zwecke ist obligatorisch: Diese Daten sind notwendig, um die Dienste des Datenverantwortlichen zu nutzen. Sollten Sie sich gegen eine Bereitstellung Ihrer Daten entscheiden, so k\u00f6nnen Sie die Dienste des Datenverantwortlichen nicht in Anspruch nehmen.<\/p>\n<p>Die Bereitstellung von Daten f\u00fcr Marketingzwecke ist freiwillig. Sollten Sie sich gegen eine Bereitstellung Ihrer Daten entscheiden, so k\u00f6nnen Sie die Dienste des Datenverantwortlichen dennoch nutzen. Wenn Sie sich jedoch gegen eine Bereitstellung Ihrer Daten entscheiden, so k\u00f6nnen Sie nicht l\u00e4nger unsere kommerziellen Mitteilungen erhalten.<\/p>\n<h2><strong>9. Rechte der betroffenen Person<\/strong><\/h2>\n<p>Der Datenverantwortliche informiert Sie dar\u00fcber, dass Sie in Ihrer Eigenschaft als betroffene Person die folgenden Rechte haben:<\/p>\n<ul>\n<li>Best\u00e4tigung und verst\u00e4ndliche Informationen \u00fcber das Vorhandensein oder Nichtvorhandensein der Sie betreffenden personenbezogenen Daten zu erhalten, selbst wenn Sie nicht registriert sind;<\/li>\n<li>Auskunft und gegebenenfalls eine Kopie zu verlangen \u00fcber folgende Informationen: a) Quelle und Kategorie der personenbezogenen Daten; b) angewandte Logik, falls die Verarbeitung elektronisch erfolgt; c) Zweck und Modalit\u00e4ten der Verarbeitung; d) Angaben zur Identit\u00e4t des Datenverantwortlichen und der Datenverarbeiter; e) Empf\u00e4nger oder Kategorien von Empf\u00e4ngern, gegen\u00fcber denen die personenbezogenen Daten offengelegt worden sind oder noch offengelegt werden, insbesondere, wenn es sich um Empf\u00e4nger in anderen EU-L\u00e4ndern oder internationale Organisationen handelt; e) Dauer, f\u00fcr die die personenbezogenen Daten gespeichert werden, oder, falls dies nicht m\u00f6glich ist, die Kriterien zur Festlegung dieser Dauer; f) Bestehen eines automatisierten Entscheidungsfindungsprozesses und ggf. Informationen \u00fcber die involvierte Logik, die Tragweite und die angestrebten Folgen f\u00fcr die betroffene Person; g) Vorhandensein angemessener Garantien im Falle der \u00dcbermittlung personenbezogener Daten an ein anderes Land au\u00dferhalb der EU oder eine internationale Organisation;<\/li>\n<li>zu verlangen, dass unvollst\u00e4ndige Daten unverz\u00fcglich aktualisiert, berichtigt oder bei Interesse vervollst\u00e4ndigt werden:<\/li>\n<li>die L\u00f6schung, Anonymisierung oder Sperrung von Daten zu erwirken, wenn: a) deren Verarbeitung gegen ein Gesetz verst\u00f6\u00dft; b) sie f\u00fcr die Zwecke, f\u00fcr die sie erhoben oder weiterverarbeitet wurden, nicht mehr erforderlich sind; c) Sie die der Verarbeitung zugrunde liegende Einwilligung widerrufen und kein sonstiger Rechtsgrund f\u00fcr die Verarbeitung besteht; d) Sie der Verarbeitung widersprechen und keine zwingenden gesetzlichen Gr\u00fcnde f\u00fcr die Verarbeitung vorliegen; e) dies zur Erf\u00fcllung einer gesetzlichen Verpflichtung geschieht; f) sie sich auf Kinder beziehen. Der Datenverantwortliche kann die L\u00f6schung verweigern, wenn dies erforderlich ist: a) zur Aus\u00fcbung des Rechts auf freie Meinungs\u00e4u\u00dferung und Informationsfreiheit; b) zur Erf\u00fcllung einer gesetzlichen Verpflichtung, zur Erf\u00fcllung einer Aufgabe, die im \u00f6ffentlichen Interesse oder in Aus\u00fcbung \u00f6ffentlicher Gewalt ausgef\u00fchrt wird; c) aus Gr\u00fcnden des \u00f6ffentlichen Interesses; d) zur Erreichung von Zwecken, die im \u00f6ffentlichen Interesse liegen, zu wissenschaftlichen oder historischen Forschungszwecken oder zu statistischen Zwecken; e) zur Geltendmachung von Rechtsanspr\u00fcchen;<\/li>\n<li>die Einschr\u00e4nkung der Verarbeitung zu erwirken, wenn: a) die Richtigkeit der personenbezogenen Daten bestritten wird; b) die Verarbeitung rechtswidrig ist und die betroffene Person die L\u00f6schung der personenbezogenen Daten ablehnt; c) Sie die Daten f\u00fcr die Aus\u00fcbung von Rechtsanspr\u00fcchen ben\u00f6tigen; d) gepr\u00fcft wurde, ob das berechtigte Interesse des Datenverantwortlichen gegen\u00fcber dem der betroffenen Person \u00fcberwiegt;<\/li>\n<li>im Falle einer automatisierten Verarbeitung die Sie betreffenden personenbezogenen Daten in einem strukturierten, allgemein gebr\u00e4uchlichen und maschinenlesbaren Format zu erhalten und diese Daten an einen anderen Datenverantwortlichen zu \u00fcbermitteln, ohne durch den Datenverantwortlichen gehindert zu werden, dem diese Daten zur Verf\u00fcgung gestellt wurden;<\/li>\n<li>ganz oder teilweise Widerspruch einzulegen gegen a) die Verarbeitung der Sie betreffenden personenbezogenen Daten aus rechtm\u00e4\u00dfigen Gr\u00fcnden, auch wenn sie sich auf den Zweck der Datenerhebung beziehen; b) die Verarbeitung der Sie betreffenden personenbezogenen Daten zum Zwecke des Versands von Werbematerial oder des Direktvertriebs oder f\u00fcr Marktforschungen oder kommerzielle Mitteilungen mittels automatisierter Anrufsysteme ohne das Eingreifen einer Bedienungsperson, via E-Mail und\/oder herk\u00f6mmliche Marketingmethoden per Telefon und\/oder Post.<\/li>\n<li>eine Datenschutzbeschwerde bei der zust\u00e4ndigen Aufsichtsbeh\u00f6rde einzureichen.<\/li>\n<\/ul>\n<p>In den vorstehend genannten F\u00e4llen teilt der Datenverantwortliche erforderlichenfalls jede Aus\u00fcbung Ihrer Rechte jedem Dritten mit, dem die personenbezogenen Daten mitgeteilt werden; hiervon ausgenommen sind Sonderf\u00e4lle (z.\u00a0B. wenn sich dies als unm\u00f6glich erweist oder mit unverh\u00e4ltnism\u00e4\u00dfigem Aufwand verbunden ist).<\/p>\n<h2><strong>10. Modalit\u00e4ten der Aus\u00fcbung von Rechten<\/strong><\/h2>\n<p>Sie k\u00f6nnen Ihre Rechte jederzeit aus\u00fcben,<\/p>\n<ul>\n<li>indem Sie ein Einschreiben mit R\u00fcckschein an den Datenverantwortlichen senden;<\/li>\n<li>indem Sie eine E-Mail an\u00a0<a href=\"mailto:germany@trocellen.com\">germany@trocellen.com<\/a>\u00a0senden;<\/li>\n<li>unter der folgenden Telefonnummer anrufen: +49 2241 25 49\u00a0450.<\/li>\n<\/ul>\n<h2><strong>11. Datenverantwortliche, Datenverarbeiter und f\u00fcr die Verarbeitung verantwortliche Personen<\/strong><\/h2>\n<p>Der Datenverantwortliche ist die Trocellen G.m.b.H.<\/p>\n<p>Der ernannte Datenschutzbeauftragte ist:<\/p>\n<ul>\n<li>Detlef Gro\u00dfmann<\/li>\n<li>Anschrift und Telefonnummer: +49 2241 25 49\u00a0450.<\/li>\n<\/ul>\n<p>Die aktuelle Liste der Datenverarbeiter ist im B\u00fcro des Datenverantwortlichen in M\u00fclheimer Stra\u00dfe 26, 53840 Troisdorf, Deutschland hinterlegt.<\/p>\n<p>Troisdorf, den 02. 05. 2019<\/p>\n","protected":false},"excerpt":{"rendered":"Trocellen G.m.b.H., with registered office in 53840 Troisdorf, M\u00fclheimer strasse 26, Germany, as data controller (hereinafter, \u201cData Controller\u201d), informs you pursuant the EU Regulation no. 679\/2016 (\u201cGDPR\u201d) and the applicable national Data Protection law that your personal data shall be processed according to the following modalities and for the following purposes:","protected":false},"author":1,"featured_media":0,"parent":269,"menu_order":0,"comment_status":"closed","ping_status":"closed","template":"template-parts\/page-text.php","meta":{"_acf_changed":false,"footnotes":""},"class_list":["post-280","page","type-page","status-publish","hentry"],"acf":[],"_links":{"self":[{"href":"https:\/\/automotive.trocellen.com\/de\/wp-json\/wp\/v2\/pages\/280","targetHints":{"allow":["GET"]}}],"collection":[{"href":"https:\/\/automotive.trocellen.com\/de\/wp-json\/wp\/v2\/pages"}],"about":[{"href":"https:\/\/automotive.trocellen.com\/de\/wp-json\/wp\/v2\/types\/page"}],"author":[{"embeddable":true,"href":"https:\/\/automotive.trocellen.com\/de\/wp-json\/wp\/v2\/users\/1"}],"replies":[{"embeddable":true,"href":"https:\/\/automotive.trocellen.com\/de\/wp-json\/wp\/v2\/comments?post=280"}],"version-history":[{"count":8,"href":"https:\/\/automotive.trocellen.com\/de\/wp-json\/wp\/v2\/pages\/280\/revisions"}],"predecessor-version":[{"id":533,"href":"https:\/\/automotive.trocellen.com\/de\/wp-json\/wp\/v2\/pages\/280\/revisions\/533"}],"up":[{"embeddable":true,"href":"https:\/\/automotive.trocellen.com\/de\/wp-json\/wp\/v2\/pages\/269"}],"wp:attachment":[{"href":"https:\/\/automotive.trocellen.com\/de\/wp-json\/wp\/v2\/media?parent=280"}],"curies":[{"name":"wp","href":"https:\/\/api.w.org\/{rel}","templated":true}]}}