{"id":266,"date":"2020-11-09T08:48:50","date_gmt":"2020-11-09T08:48:50","guid":{"rendered":"http:\/\/trocellenautomotive.usernet.hu\/anti-bribery-policy\/"},"modified":"2021-02-03T08:13:37","modified_gmt":"2021-02-03T08:13:37","slug":"korruptionsbekaempfung","status":"publish","type":"page","link":"https:\/\/automotive.trocellen.com\/de\/rechtliche-hinweise\/korruptionsbekaempfung\/","title":{"rendered":"Korruptionsbek\u00e4mpfung"},"content":{"rendered":"<p>Wir m\u00f6chten ausdr\u00fccklich betonen, dass die Einhaltung der Gesetze zur Korruptionsbek\u00e4mpfung und der damit verbundenen, lokalen Vorschriften f\u00fcr Trocellen eine Selbstverst\u00e4ndlichkeit darstellt.<\/p>\n<p>Wir lehnen die Annahme oder Schaffung von unzul\u00e4ssigen Vorteilen kategorisch ab und streben eine gr\u00f6\u00dftm\u00f6gliche Gesch\u00e4ftsintegrit\u00e4t an. Dies bedeutet auch, dass wir von allen Vertretern, die in Kontakt mit unseren Organisationen stehen, sowie von s\u00e4mtlichen Gesch\u00e4ftspartnern gleicherma\u00dfen die Einhaltung von Gesetzen zur Korruptionsbek\u00e4mpfung erwarten.<\/p>\n<p><a href=\"https:\/\/trocellen.com\/wp-content\/uploads\/2013\/12\/AB-Germany-Erkl%C3%A4rung-FEG-Vermeidung-von-Korruption.pdf\">Erklarung der Furukawa Electric Group zur Vermeidung von Korruption<\/a><\/p>\n","protected":false},"excerpt":{"rendered":"Als Mitglied der Fukawa Electric Group erf\u00fcllt Trocellen s\u00e4mtliche Anforderungen hinsichtlich der Korruptionsbek\u00e4mpfung \u2013 sowohl im Management als auch im operativen Gesch\u00e4ft. Gesetze zur Korruptionsbek\u00e4mpfung werden auf internationaler Ebene immer strenger und Regierungen setzen diese zunehmend konsequent um.","protected":false},"author":1,"featured_media":0,"parent":269,"menu_order":0,"comment_status":"closed","ping_status":"closed","template":"template-parts\/page-text.php","meta":{"_acf_changed":false,"footnotes":""},"class_list":["post-266","page","type-page","status-publish","hentry"],"acf":[],"_links":{"self":[{"href":"https:\/\/automotive.trocellen.com\/de\/wp-json\/wp\/v2\/pages\/266","targetHints":{"allow":["GET"]}}],"collection":[{"href":"https:\/\/automotive.trocellen.com\/de\/wp-json\/wp\/v2\/pages"}],"about":[{"href":"https:\/\/automotive.trocellen.com\/de\/wp-json\/wp\/v2\/types\/page"}],"author":[{"embeddable":true,"href":"https:\/\/automotive.trocellen.com\/de\/wp-json\/wp\/v2\/users\/1"}],"replies":[{"embeddable":true,"href":"https:\/\/automotive.trocellen.com\/de\/wp-json\/wp\/v2\/comments?post=266"}],"version-history":[{"count":3,"href":"https:\/\/automotive.trocellen.com\/de\/wp-json\/wp\/v2\/pages\/266\/revisions"}],"predecessor-version":[{"id":272,"href":"https:\/\/automotive.trocellen.com\/de\/wp-json\/wp\/v2\/pages\/266\/revisions\/272"}],"up":[{"embeddable":true,"href":"https:\/\/automotive.trocellen.com\/de\/wp-json\/wp\/v2\/pages\/269"}],"wp:attachment":[{"href":"https:\/\/automotive.trocellen.com\/de\/wp-json\/wp\/v2\/media?parent=266"}],"curies":[{"name":"wp","href":"https:\/\/api.w.org\/{rel}","templated":true}]}}